{"id":9032,"date":"2025-03-21T02:30:55","date_gmt":"2025-03-21T02:30:55","guid":{"rendered":"https:\/\/www.djigi.milosgavrilovicweddings.com\/?page_id=9032"},"modified":"2026-03-28T00:30:35","modified_gmt":"2026-03-27T22:30:35","slug":"kontakt","status":"publish","type":"page","link":"https:\/\/www.djigi-bau.com\/sr\/kontakt\/","title":{"rendered":"Kontakt"},"content":{"rendered":"\t\t<div data-elementor-type=\"wp-page\" data-elementor-id=\"9032\" class=\"elementor elementor-9032\" data-elementor-post-type=\"page\">\n\t\t\t\t<div class=\"elementor-element elementor-element-7d9181c elementor-page-header border-radius-section e-flex e-con-boxed e-con e-parent\" data-id=\"7d9181c\" data-element_type=\"container\" data-e-type=\"container\">\n\t\t\t\t\t<div class=\"e-con-inner\">\n\t\t<div class=\"elementor-element elementor-element-be3b5b9 e-flex e-con-boxed e-con e-child\" data-id=\"be3b5b9\" data-element_type=\"container\" data-e-type=\"container\" data-settings=\"{&quot;background_background&quot;:&quot;classic&quot;}\">\n\t\t\t\t\t<div class=\"e-con-inner\">\n\t\t<div class=\"elementor-element elementor-element-c024d60 e-con-full e-flex e-con e-child\" data-id=\"c024d60\" data-element_type=\"container\" data-e-type=\"container\">\n\t\t\t\t<div class=\"elementor-element elementor-element-7713b21 at-heading-animation at-animation-heading-style-2 elementor-widget elementor-widget-heading\" data-id=\"7713b21\" data-element_type=\"widget\" data-e-type=\"widget\" data-settings=\"{&quot;ekit_we_effect_on&quot;:&quot;none&quot;}\" data-widget_type=\"heading.default\">\n\t\t\t\t<div class=\"elementor-widget-container\">\n\t\t\t\t\t<h1 class=\"elementor-heading-title elementor-size-default\">Zapo\u010dnite <span> Projekat<\/span> <\/h1>\t\t\t\t<\/div>\n\t\t\t\t<\/div>\n\t\t\t\t<\/div>\n\t\t\t\t\t<\/div>\n\t\t\t\t<\/div>\n\t\t\t\t\t<\/div>\n\t\t\t\t<\/div>\n\t\t<div class=\"elementor-element elementor-element-9e46083 page-contact-us page-service-single e-flex e-con-boxed e-con e-parent\" data-id=\"9e46083\" data-element_type=\"container\" data-e-type=\"container\">\n\t\t\t\t\t<div class=\"e-con-inner\">\n\t\t<div class=\"elementor-element elementor-element-b88f93c e-con-full e-flex e-con e-child\" data-id=\"b88f93c\" data-element_type=\"container\" data-e-type=\"container\">\n\t\t<div class=\"elementor-element elementor-element-799465c e-con-full e-flex e-con e-child\" data-id=\"799465c\" data-element_type=\"container\" data-e-type=\"container\">\n\t\t\t\t<div class=\"elementor-element elementor-element-da9303f section-title at-heading-animation at-animation-heading-none elementor-invisible elementor-widget elementor-widget-heading\" data-id=\"da9303f\" data-element_type=\"widget\" data-e-type=\"widget\" data-settings=\"{&quot;_animation&quot;:&quot;fadeInUp&quot;,&quot;ekit_we_effect_on&quot;:&quot;none&quot;}\" data-widget_type=\"heading.default\">\n\t\t\t\t<div class=\"elementor-widget-container\">\n\t\t\t\t\t<h3 class=\"elementor-heading-title elementor-size-default\">DJigi-Bau<\/h3>\t\t\t\t<\/div>\n\t\t\t\t<\/div>\n\t\t\t\t<div class=\"elementor-element elementor-element-2ee6e81 at-heading-animation at-animation-heading-style-2 elementor-widget elementor-widget-heading\" data-id=\"2ee6e81\" data-element_type=\"widget\" data-e-type=\"widget\" data-settings=\"{&quot;ekit_we_effect_on&quot;:&quot;none&quot;}\" data-widget_type=\"heading.default\">\n\t\t\t\t<div class=\"elementor-widget-container\">\n\t\t\t\t\t<h2 class=\"elementor-heading-title elementor-size-default\"><span>Kontakt<\/span><\/h2>\t\t\t\t<\/div>\n\t\t\t\t<\/div>\n\t\t<div class=\"elementor-element elementor-element-b0ebec9 e-con-full e-flex e-con e-child\" data-id=\"b0ebec9\" data-element_type=\"container\" data-e-type=\"container\">\n\t\t\t\t<div class=\"elementor-element elementor-element-ba16e2f elementor-view-stacked elementor-position-inline-start elementor-mobile-position-inline-start service-benefit-box-item elementor-shape-circle elementor-invisible elementor-widget elementor-widget-icon-box\" data-id=\"ba16e2f\" data-element_type=\"widget\" data-e-type=\"widget\" data-settings=\"{&quot;_animation&quot;:&quot;fadeInUp&quot;,&quot;_animation_delay&quot;:100,&quot;ekit_we_effect_on&quot;:&quot;none&quot;}\" data-widget_type=\"icon-box.default\">\n\t\t\t\t<div class=\"elementor-widget-container\">\n\t\t\t\t\t\t\t<div class=\"elementor-icon-box-wrapper\">\n\n\t\t\t\t\t\t<div class=\"elementor-icon-box-icon\">\n\t\t\t\t<span  class=\"elementor-icon\">\n\t\t\t\t<i aria-hidden=\"true\" class=\"icon icon-phone-handset\"><\/i>\t\t\t\t<\/span>\n\t\t\t<\/div>\n\t\t\t\n\t\t\t\t\t\t<div class=\"elementor-icon-box-content\">\n\n\t\t\t\t\t\t\t\t\t<h3 class=\"elementor-icon-box-title\">\n\t\t\t\t\t\t<span  >\n\t\t\t\t\t\t\tTelefon (Srb.)\t\t\t\t\t\t<\/span>\n\t\t\t\t\t<\/h3>\n\t\t\t\t\n\t\t\t\t\t\t\t\t\t<p class=\"elementor-icon-box-description\">\n\t\t\t\t\t\t&nbsp; <a href=\"tel:+38162374767\">+381 62 37 47 67<\/a>\t\t\t\t\t<\/p>\n\t\t\t\t\n\t\t\t<\/div>\n\t\t\t\n\t\t<\/div>\n\t\t\t\t\t\t<\/div>\n\t\t\t\t<\/div>\n\t\t\t\t<div class=\"elementor-element elementor-element-44743b5 elementor-view-stacked elementor-position-inline-start elementor-mobile-position-inline-start service-benefit-box-item elementor-shape-circle elementor-invisible elementor-widget elementor-widget-icon-box\" data-id=\"44743b5\" data-element_type=\"widget\" data-e-type=\"widget\" data-settings=\"{&quot;_animation&quot;:&quot;fadeInUp&quot;,&quot;_animation_delay&quot;:100,&quot;ekit_we_effect_on&quot;:&quot;none&quot;}\" data-widget_type=\"icon-box.default\">\n\t\t\t\t<div class=\"elementor-widget-container\">\n\t\t\t\t\t\t\t<div class=\"elementor-icon-box-wrapper\">\n\n\t\t\t\t\t\t<div class=\"elementor-icon-box-icon\">\n\t\t\t\t<span  class=\"elementor-icon\">\n\t\t\t\t<i aria-hidden=\"true\" class=\"icon icon-phone-handset\"><\/i>\t\t\t\t<\/span>\n\t\t\t<\/div>\n\t\t\t\n\t\t\t\t\t\t<div class=\"elementor-icon-box-content\">\n\n\t\t\t\t\t\t\t\t\t<h3 class=\"elementor-icon-box-title\">\n\t\t\t\t\t\t<span  >\n\t\t\t\t\t\t\tTelefon (Ger.)\t\t\t\t\t\t<\/span>\n\t\t\t\t\t<\/h3>\n\t\t\t\t\n\t\t\t\t\t\t\t\t\t<p class=\"elementor-icon-box-description\">\n\t\t\t\t\t\t<a href=\"tel:+491727634777\">+49 172 76 34 777<\/a>\n\t\t\t\t\t<\/p>\n\t\t\t\t\n\t\t\t<\/div>\n\t\t\t\n\t\t<\/div>\n\t\t\t\t\t\t<\/div>\n\t\t\t\t<\/div>\n\t\t\t\t<div class=\"elementor-element elementor-element-6cfddc3 elementor-view-stacked elementor-position-inline-start elementor-mobile-position-inline-start service-benefit-box-item elementor-shape-circle elementor-invisible elementor-widget elementor-widget-icon-box\" data-id=\"6cfddc3\" data-element_type=\"widget\" data-e-type=\"widget\" data-settings=\"{&quot;_animation&quot;:&quot;fadeInUp&quot;,&quot;_animation_delay&quot;:100,&quot;ekit_we_effect_on&quot;:&quot;none&quot;}\" data-widget_type=\"icon-box.default\">\n\t\t\t\t<div class=\"elementor-widget-container\">\n\t\t\t\t\t\t\t<div class=\"elementor-icon-box-wrapper\">\n\n\t\t\t\t\t\t<div class=\"elementor-icon-box-icon\">\n\t\t\t\t<span  class=\"elementor-icon\">\n\t\t\t\t<i aria-hidden=\"true\" class=\"icon icon-whatsapp-2\"><\/i>\t\t\t\t<\/span>\n\t\t\t<\/div>\n\t\t\t\n\t\t\t\t\t\t<div class=\"elementor-icon-box-content\">\n\n\t\t\t\t\t\t\t\t\t<h3 class=\"elementor-icon-box-title\">\n\t\t\t\t\t\t<span  >\n\t\t\t\t\t\t\tWhatsApp - Info\t\t\t\t\t\t<\/span>\n\t\t\t\t\t<\/h3>\n\t\t\t\t\n\t\t\t\t\t\t\t\t\t<p class=\"elementor-icon-box-description\">\n\t\t\t\t\t\t<a href=\"https:\/\/wa.me\/491727634777\" target=\"_blank\">+49 172 76 34 777<\/a>\n\t\t\t\t\t<\/p>\n\t\t\t\t\n\t\t\t<\/div>\n\t\t\t\n\t\t<\/div>\n\t\t\t\t\t\t<\/div>\n\t\t\t\t<\/div>\n\t\t\t\t<div class=\"elementor-element elementor-element-429e1db elementor-view-stacked elementor-position-inline-start elementor-mobile-position-inline-start service-benefit-box-item elementor-shape-circle elementor-invisible elementor-widget elementor-widget-icon-box\" data-id=\"429e1db\" data-element_type=\"widget\" data-e-type=\"widget\" data-settings=\"{&quot;_animation&quot;:&quot;fadeInUp&quot;,&quot;_animation_delay&quot;:200,&quot;ekit_we_effect_on&quot;:&quot;none&quot;}\" data-widget_type=\"icon-box.default\">\n\t\t\t\t<div class=\"elementor-widget-container\">\n\t\t\t\t\t\t\t<div class=\"elementor-icon-box-wrapper\">\n\n\t\t\t\t\t\t<div class=\"elementor-icon-box-icon\">\n\t\t\t\t<span  class=\"elementor-icon\">\n\t\t\t\t<i aria-hidden=\"true\" class=\"far fa-envelope-open\"><\/i>\t\t\t\t<\/span>\n\t\t\t<\/div>\n\t\t\t\n\t\t\t\t\t\t<div class=\"elementor-icon-box-content\">\n\n\t\t\t\t\t\t\t\t\t<h3 class=\"elementor-icon-box-title\">\n\t\t\t\t\t\t<span  >\n\t\t\t\t\t\t\tE-Mail\t\t\t\t\t\t<\/span>\n\t\t\t\t\t<\/h3>\n\t\t\t\t\n\t\t\t\t\t\t\t\t\t<p class=\"elementor-icon-box-description\">\n\t\t\t\t\t\t<a href=\"mailto:info@djigi-bau.com\">info@djigi-bau.com<\/a>\n\t\t\t\t\t<\/p>\n\t\t\t\t\n\t\t\t<\/div>\n\t\t\t\n\t\t<\/div>\n\t\t\t\t\t\t<\/div>\n\t\t\t\t<\/div>\n\t\t\t\t<div class=\"elementor-element elementor-element-fd5323f elementor-view-stacked elementor-position-inline-start elementor-mobile-position-inline-start service-benefit-box-item elementor-shape-circle elementor-invisible elementor-widget elementor-widget-icon-box\" data-id=\"fd5323f\" data-element_type=\"widget\" data-e-type=\"widget\" data-settings=\"{&quot;_animation&quot;:&quot;fadeInUp&quot;,&quot;_animation_delay&quot;:300,&quot;ekit_we_effect_on&quot;:&quot;none&quot;}\" data-widget_type=\"icon-box.default\">\n\t\t\t\t<div class=\"elementor-widget-container\">\n\t\t\t\t\t\t\t<div class=\"elementor-icon-box-wrapper\">\n\n\t\t\t\t\t\t<div class=\"elementor-icon-box-icon\">\n\t\t\t\t<span  class=\"elementor-icon\">\n\t\t\t\t<i aria-hidden=\"true\" class=\"far fa-paper-plane\"><\/i>\t\t\t\t<\/span>\n\t\t\t<\/div>\n\t\t\t\n\t\t\t\t\t\t<div class=\"elementor-icon-box-content\">\n\n\t\t\t\t\t\t\t\t\t<h3 class=\"elementor-icon-box-title\">\n\t\t\t\t\t\t<span  >\n\t\t\t\t\t\t\tAdresa\t\t\t\t\t\t<\/span>\n\t\t\t\t\t<\/h3>\n\t\t\t\t\n\t\t\t\t\t\t\t\t\t<p class=\"elementor-icon-box-description\">\n\t\t\t\t\t\t11000 Beograd, Srbija\t\t\t\t\t<\/p>\n\t\t\t\t\n\t\t\t<\/div>\n\t\t\t\n\t\t<\/div>\n\t\t\t\t\t\t<\/div>\n\t\t\t\t<\/div>\n\t\t\t\t<\/div>\n\t\t\t\t<\/div>\n\t\t<div class=\"elementor-element elementor-element-e0e5820 e-con-full e-flex e-con e-child\" data-id=\"e0e5820\" data-element_type=\"container\" data-e-type=\"container\" data-settings=\"{&quot;background_background&quot;:&quot;classic&quot;}\">\n\t\t\t\t<div class=\"elementor-element elementor-element-a25d063 at-heading-animation at-animation-heading-style-2 elementor-widget elementor-widget-heading\" data-id=\"a25d063\" data-element_type=\"widget\" data-e-type=\"widget\" data-settings=\"{&quot;ekit_we_effect_on&quot;:&quot;none&quot;}\" data-widget_type=\"heading.default\">\n\t\t\t\t<div class=\"elementor-widget-container\">\n\t\t\t\t\t<h2 class=\"elementor-heading-title elementor-size-default\">Javite nam se za<span>\nbesplatan savet<\/span><\/h2>\t\t\t\t<\/div>\n\t\t\t\t<\/div>\n\t\t\t\t<div class=\"elementor-element elementor-element-040464e elementor-invisible elementor-widget elementor-widget-elementskit-contact-form7\" data-id=\"040464e\" data-element_type=\"widget\" data-e-type=\"widget\" data-settings=\"{&quot;_animation&quot;:&quot;fadeInUp&quot;,&quot;_animation_delay&quot;:100,&quot;ekit_we_effect_on&quot;:&quot;none&quot;}\" data-widget_type=\"elementskit-contact-form7.default\">\n\t\t\t\t<div class=\"elementor-widget-container\">\n\t\t\t\t\t<div class=\"ekit-wid-con\" ><div class=\"ekit-form\">\n<div class=\"wpcf7 no-js\" id=\"wpcf7-f3925-p9032-o1\" lang=\"sr-RS\" dir=\"ltr\" data-wpcf7-id=\"3925\">\n<div class=\"screen-reader-response\"><p role=\"status\" aria-live=\"polite\" aria-atomic=\"true\"><\/p> <ul><\/ul><\/div>\n<form action=\"\/sr\/kontakt\/#wpcf7-f3925-p9032-o1\" method=\"post\" class=\"wpcf7-form init\" aria-label=\"Contact form\" novalidate=\"novalidate\" data-status=\"init\">\n<fieldset class=\"hidden-fields-container\"><input type=\"hidden\" name=\"_wpcf7\" value=\"3925\" \/><input type=\"hidden\" name=\"_wpcf7_version\" value=\"6.1.5\" \/><input type=\"hidden\" name=\"_wpcf7_locale\" value=\"sr_RS\" \/><input type=\"hidden\" name=\"_wpcf7_unit_tag\" value=\"wpcf7-f3925-p9032-o1\" \/><input type=\"hidden\" name=\"_wpcf7_container_post\" value=\"9032\" \/><input type=\"hidden\" name=\"_wpcf7_posted_data_hash\" value=\"\" \/>\n<\/fieldset>\n<div class=\"row\">\n\t<div class=\"form-group col-md-6 mb-4\">\n\t\t<p><label> Ime <\/label><br \/>\n<span class=\"wpcf7-form-control-wrap\" data-name=\"first-name\"><input size=\"40\" maxlength=\"400\" class=\"wpcf7-form-control wpcf7-text wpcf7-validates-as-required form-control\" id=\"name\" aria-required=\"true\" aria-invalid=\"false\" placeholder=\"Ime\" value=\"\" type=\"text\" name=\"first-name\" \/><\/span>\n\t\t<\/p>\n\t<\/div>\n\t<div class=\"form-group col-md-6 mb-4\">\n\t\t<p><label> Prezime <\/label><br \/>\n<span class=\"wpcf7-form-control-wrap\" data-name=\"last-name\"><input size=\"40\" maxlength=\"400\" class=\"wpcf7-form-control wpcf7-text wpcf7-validates-as-required form-control\" aria-required=\"true\" aria-invalid=\"false\" placeholder=\"Prezime\" value=\"\" type=\"text\" name=\"last-name\" \/><\/span>\n\t\t<\/p>\n\t<\/div>\n\t<div class=\"form-group col-md-6 mb-4\">\n\t\t<p><label> E-Mail <\/label><br \/>\n<span class=\"wpcf7-form-control-wrap\" data-name=\"email\"><input size=\"40\" maxlength=\"400\" class=\"wpcf7-form-control wpcf7-email wpcf7-validates-as-required wpcf7-text wpcf7-validates-as-email form-control\" id=\"email\" aria-required=\"true\" aria-invalid=\"false\" placeholder=\"E-Mail\" value=\"\" type=\"email\" name=\"email\" \/><\/span>\n\t\t<\/p>\n\t<\/div>\n\t<div class=\"form-group col-md-6 mb-4\">\n\t\t<p><label> Telefon <\/label><br \/>\n<span class=\"wpcf7-form-control-wrap\" data-name=\"phone\"><input size=\"40\" maxlength=\"400\" class=\"wpcf7-form-control wpcf7-text wpcf7-validates-as-required form-control\" id=\"phone\" aria-required=\"true\" aria-invalid=\"false\" placeholder=\"Telefon\" value=\"\" type=\"text\" name=\"phone\" \/><\/span>\n\t\t<\/p>\n\t<\/div>\n\t<div class=\"form-group col-md-12 mb-4\">\n\t\t<p><label> Poruka <\/label><br \/>\n<span class=\"wpcf7-form-control-wrap\" data-name=\"msg\"><textarea cols=\"40\" rows=\"10\" maxlength=\"2000\" class=\"wpcf7-form-control wpcf7-textarea form-control\" id=\"msg\" aria-invalid=\"false\" placeholder=\"Poruka\" name=\"msg\"><\/textarea><\/span>\n\t\t<\/p>\n\t<\/div>\n\t<div class=\"col-md-12 form-btn\">\n\t\t<p><input class=\"wpcf7-form-control wpcf7-submit has-spinner btn-default\" id=\"msgSubmit\" type=\"submit\" value=\"Po\u0161aljite Poruku\" \/>\n\t\t<\/p>\n\t<\/div>\n<\/div><div class=\"wpcf7-response-output\" aria-hidden=\"true\"><\/div>\n<\/form>\n<\/div>\n<\/div><\/div>\t\t\t\t<\/div>\n\t\t\t\t<\/div>\n\t\t\t\t<\/div>\n\t\t\t\t<\/div>\n\t\t\t\t\t<\/div>\n\t\t\t\t<\/div>\n\t\t<div class=\"elementor-element elementor-element-5fb7f22 e-flex e-con-boxed e-con e-parent\" data-id=\"5fb7f22\" data-element_type=\"container\" data-e-type=\"container\">\n\t\t\t\t\t<div class=\"e-con-inner\">\n\t\t\t\t<div class=\"elementor-element elementor-element-270fec8 elementor-widget elementor-widget-google_maps\" data-id=\"270fec8\" data-element_type=\"widget\" data-e-type=\"widget\" data-settings=\"{&quot;ekit_we_effect_on&quot;:&quot;none&quot;}\" data-widget_type=\"google_maps.default\">\n\t\t\t\t<div class=\"elementor-widget-container\">\n\t\t\t\t\t\t\t<div class=\"elementor-custom-embed\">\n\t\t\t<iframe loading=\"lazy\"\n\t\t\t\t\tsrc=\"https:\/\/maps.google.com\/maps?q=Beograd%2C%20Serbia&#038;t=m&#038;z=11&#038;output=embed&#038;iwloc=near\"\n\t\t\t\t\ttitle=\"Beograd, Serbia\"\n\t\t\t\t\taria-label=\"Beograd, Serbia\"\n\t\t\t><\/iframe>\n\t\t<\/div>\n\t\t\t\t\t\t<\/div>\n\t\t\t\t<\/div>\n\t\t\t\t\t<\/div>\n\t\t\t\t<\/div>\n\t\t\t\t<\/div>\n\t\t","protected":false},"excerpt":{"rendered":"<p>Zapo\u010dnite Projekat DJigi-Bau Kontakt Telefon (Srb.) &nbsp; +381 62 [&hellip;]<\/p>\n","protected":false},"author":1,"featured_media":0,"parent":0,"menu_order":0,"comment_status":"closed","ping_status":"closed","template":"elementor_header_footer","meta":{"footnotes":""},"class_list":["post-9032","page","type-page","status-publish","hentry"],"yoast_head":"<!-- This site is optimized with the Yoast SEO Premium plugin v24.8 (Yoast SEO v27.3) - https:\/\/yoast.com\/product\/yoast-seo-premium-wordpress\/ -->\n<title>KONTAKT - DJIGI - BAU | Radimo Ga Profi, Baatooooooo!<\/title>\n<meta name=\"description\" content=\"Na\u0161 tim stru\u010dnjaka je tu da vam pomogne da pobolj\u0161ate rangiranje va\u0161eg sajta na pretra\u017eiva\u010dima i pove\u0107ate online vidljivost.\" \/>\n<meta name=\"robots\" content=\"index, follow, max-snippet:-1, max-image-preview:large, max-video-preview:-1\" \/>\n<link rel=\"canonical\" href=\"https:\/\/www.djigi-bau.com\/sr\/kontakt\/\" \/>\n<meta property=\"og:locale\" content=\"sr_RS\" \/>\n<meta property=\"og:type\" content=\"article\" \/>\n<meta property=\"og:title\" content=\"KONTAKT - DJigi-Bau | Kreativna Agenicja | Radimo Ga Profi Bato!\" \/>\n<meta property=\"og:description\" content=\"Pru\u017eamo detaljnu SEO analizu i savete koji \u0107e vam pomo\u0107i da ostvarite bolje rezultate.\" \/>\n<meta property=\"og:url\" content=\"https:\/\/www.djigi-bau.com\/sr\/kontakt\/\" \/>\n<meta property=\"og:site_name\" content=\"Radimo ga Profi - DJigi-Bau\" \/>\n<meta property=\"article:publisher\" content=\"https:\/\/www.facebook.com\/DJigiBau2025\" \/>\n<meta property=\"article:modified_time\" content=\"2026-03-27T22:30:35+00:00\" \/>\n<meta name=\"twitter:card\" content=\"summary_large_image\" \/>\n<meta name=\"twitter:title\" content=\"Kontakt\" \/>\n<meta name=\"twitter:label1\" content=\"\u041f\u0440\u043e\u0446\u0435\u045a\u0435\u043d\u043e \u0432\u0440\u0435\u043c\u0435 \u0447\u0438\u0442\u0430\u045a\u0430\" \/>\n\t<meta name=\"twitter:data1\" content=\"1 \u043c\u0438\u043d\u0443\u0442\" \/>\n<script type=\"application\/ld+json\" class=\"yoast-schema-graph\">{\"@context\":\"https:\\\/\\\/schema.org\",\"@graph\":[{\"@type\":\"WebPage\",\"@id\":\"https:\\\/\\\/www.djigi-bau.com\\\/sr\\\/kontakt\\\/\",\"url\":\"https:\\\/\\\/www.djigi-bau.com\\\/sr\\\/kontakt\\\/\",\"name\":\"KONTAKT - DJIGI - BAU | Radimo Ga Profi, Baatooooooo!\",\"isPartOf\":{\"@id\":\"https:\\\/\\\/www.djigi-bau.com\\\/sr\\\/#website\"},\"datePublished\":\"2025-03-21T02:30:55+00:00\",\"dateModified\":\"2026-03-27T22:30:35+00:00\",\"description\":\"Na\u0161 tim stru\u010dnjaka je tu da vam pomogne da pobolj\u0161ate rangiranje va\u0161eg sajta na pretra\u017eiva\u010dima i pove\u0107ate online vidljivost.\",\"breadcrumb\":{\"@id\":\"https:\\\/\\\/www.djigi-bau.com\\\/sr\\\/kontakt\\\/#breadcrumb\"},\"inLanguage\":\"sr-RS\",\"potentialAction\":[{\"@type\":\"ReadAction\",\"target\":[\"https:\\\/\\\/www.djigi-bau.com\\\/sr\\\/kontakt\\\/\"]}]},{\"@type\":\"BreadcrumbList\",\"@id\":\"https:\\\/\\\/www.djigi-bau.com\\\/sr\\\/kontakt\\\/#breadcrumb\",\"itemListElement\":[{\"@type\":\"ListItem\",\"position\":1,\"name\":\"\u041f\u043e\u0447\u0435\u0442\u043d\u0430\",\"item\":\"https:\\\/\\\/www.djigi-bau.com\\\/sr\\\/\"},{\"@type\":\"ListItem\",\"position\":2,\"name\":\"Kontakt\"}]},{\"@type\":\"WebSite\",\"@id\":\"https:\\\/\\\/www.djigi-bau.com\\\/sr\\\/#website\",\"url\":\"https:\\\/\\\/www.djigi-bau.com\\\/sr\\\/\",\"name\":\"DJigi-Bau - Radimo Ga Profi\",\"description\":\"graphics, website &amp; more\",\"publisher\":{\"@id\":\"https:\\\/\\\/www.djigi-bau.com\\\/sr\\\/#organization\"},\"potentialAction\":[{\"@type\":\"SearchAction\",\"target\":{\"@type\":\"EntryPoint\",\"urlTemplate\":\"https:\\\/\\\/www.djigi-bau.com\\\/sr\\\/?s={search_term_string}\"},\"query-input\":{\"@type\":\"PropertyValueSpecification\",\"valueRequired\":true,\"valueName\":\"search_term_string\"}}],\"inLanguage\":\"sr-RS\"},{\"@type\":\"Organization\",\"@id\":\"https:\\\/\\\/www.djigi-bau.com\\\/sr\\\/#organization\",\"name\":\"DJigi-Bau - Radimo Ga Profi\",\"url\":\"https:\\\/\\\/www.djigi-bau.com\\\/sr\\\/\",\"logo\":{\"@type\":\"ImageObject\",\"inLanguage\":\"sr-RS\",\"@id\":\"https:\\\/\\\/www.djigi-bau.com\\\/sr\\\/#\\\/schema\\\/logo\\\/image\\\/\",\"url\":\"https:\\\/\\\/www.djigi-bau.com\\\/wp-content\\\/uploads\\\/2025\\\/03\\\/djigibau-flach.png\",\"contentUrl\":\"https:\\\/\\\/www.djigi-bau.com\\\/wp-content\\\/uploads\\\/2025\\\/03\\\/djigibau-flach.png\",\"width\":11986,\"height\":2511,\"caption\":\"DJigi-Bau - Radimo Ga Profi\"},\"image\":{\"@id\":\"https:\\\/\\\/www.djigi-bau.com\\\/sr\\\/#\\\/schema\\\/logo\\\/image\\\/\"},\"sameAs\":[\"https:\\\/\\\/www.facebook.com\\\/DJigiBau2025\",\"https:\\\/\\\/www.instagram.com\\\/DJigiBau2025\"]}]}<\/script>\n<!-- \/ Yoast SEO Premium plugin. -->","yoast_head_json":{"title":"KONTAKT - DJIGI - BAU | Radimo Ga Profi, Baatooooooo!","description":"Na\u0161 tim stru\u010dnjaka je tu da vam pomogne da pobolj\u0161ate rangiranje va\u0161eg sajta na pretra\u017eiva\u010dima i pove\u0107ate online vidljivost.","robots":{"index":"index","follow":"follow","max-snippet":"max-snippet:-1","max-image-preview":"max-image-preview:large","max-video-preview":"max-video-preview:-1"},"canonical":"https:\/\/www.djigi-bau.com\/sr\/kontakt\/","og_locale":"sr_RS","og_type":"article","og_title":"KONTAKT - DJigi-Bau | Kreativna Agenicja | Radimo Ga Profi Bato!","og_description":"Pru\u017eamo detaljnu SEO analizu i savete koji \u0107e vam pomo\u0107i da ostvarite bolje rezultate.","og_url":"https:\/\/www.djigi-bau.com\/sr\/kontakt\/","og_site_name":"Radimo ga Profi - DJigi-Bau","article_publisher":"https:\/\/www.facebook.com\/DJigiBau2025","article_modified_time":"2026-03-27T22:30:35+00:00","twitter_card":"summary_large_image","twitter_title":"Kontakt","twitter_misc":{"\u041f\u0440\u043e\u0446\u0435\u045a\u0435\u043d\u043e \u0432\u0440\u0435\u043c\u0435 \u0447\u0438\u0442\u0430\u045a\u0430":"1 \u043c\u0438\u043d\u0443\u0442"},"schema":{"@context":"https:\/\/schema.org","@graph":[{"@type":"WebPage","@id":"https:\/\/www.djigi-bau.com\/sr\/kontakt\/","url":"https:\/\/www.djigi-bau.com\/sr\/kontakt\/","name":"KONTAKT - DJIGI - BAU | Radimo Ga Profi, Baatooooooo!","isPartOf":{"@id":"https:\/\/www.djigi-bau.com\/sr\/#website"},"datePublished":"2025-03-21T02:30:55+00:00","dateModified":"2026-03-27T22:30:35+00:00","description":"Na\u0161 tim stru\u010dnjaka je tu da vam pomogne da pobolj\u0161ate rangiranje va\u0161eg sajta na pretra\u017eiva\u010dima i pove\u0107ate online vidljivost.","breadcrumb":{"@id":"https:\/\/www.djigi-bau.com\/sr\/kontakt\/#breadcrumb"},"inLanguage":"sr-RS","potentialAction":[{"@type":"ReadAction","target":["https:\/\/www.djigi-bau.com\/sr\/kontakt\/"]}]},{"@type":"BreadcrumbList","@id":"https:\/\/www.djigi-bau.com\/sr\/kontakt\/#breadcrumb","itemListElement":[{"@type":"ListItem","position":1,"name":"\u041f\u043e\u0447\u0435\u0442\u043d\u0430","item":"https:\/\/www.djigi-bau.com\/sr\/"},{"@type":"ListItem","position":2,"name":"Kontakt"}]},{"@type":"WebSite","@id":"https:\/\/www.djigi-bau.com\/sr\/#website","url":"https:\/\/www.djigi-bau.com\/sr\/","name":"DJigi-Bau - Radimo Ga Profi","description":"graphics, website &amp; more","publisher":{"@id":"https:\/\/www.djigi-bau.com\/sr\/#organization"},"potentialAction":[{"@type":"SearchAction","target":{"@type":"EntryPoint","urlTemplate":"https:\/\/www.djigi-bau.com\/sr\/?s={search_term_string}"},"query-input":{"@type":"PropertyValueSpecification","valueRequired":true,"valueName":"search_term_string"}}],"inLanguage":"sr-RS"},{"@type":"Organization","@id":"https:\/\/www.djigi-bau.com\/sr\/#organization","name":"DJigi-Bau - Radimo Ga Profi","url":"https:\/\/www.djigi-bau.com\/sr\/","logo":{"@type":"ImageObject","inLanguage":"sr-RS","@id":"https:\/\/www.djigi-bau.com\/sr\/#\/schema\/logo\/image\/","url":"https:\/\/www.djigi-bau.com\/wp-content\/uploads\/2025\/03\/djigibau-flach.png","contentUrl":"https:\/\/www.djigi-bau.com\/wp-content\/uploads\/2025\/03\/djigibau-flach.png","width":11986,"height":2511,"caption":"DJigi-Bau - Radimo Ga Profi"},"image":{"@id":"https:\/\/www.djigi-bau.com\/sr\/#\/schema\/logo\/image\/"},"sameAs":["https:\/\/www.facebook.com\/DJigiBau2025","https:\/\/www.instagram.com\/DJigiBau2025"]}]}},"_links":{"self":[{"href":"https:\/\/www.djigi-bau.com\/sr\/wp-json\/wp\/v2\/pages\/9032","targetHints":{"allow":["GET"]}}],"collection":[{"href":"https:\/\/www.djigi-bau.com\/sr\/wp-json\/wp\/v2\/pages"}],"about":[{"href":"https:\/\/www.djigi-bau.com\/sr\/wp-json\/wp\/v2\/types\/page"}],"author":[{"embeddable":true,"href":"https:\/\/www.djigi-bau.com\/sr\/wp-json\/wp\/v2\/users\/1"}],"replies":[{"embeddable":true,"href":"https:\/\/www.djigi-bau.com\/sr\/wp-json\/wp\/v2\/comments?post=9032"}],"version-history":[{"count":3,"href":"https:\/\/www.djigi-bau.com\/sr\/wp-json\/wp\/v2\/pages\/9032\/revisions"}],"predecessor-version":[{"id":11129,"href":"https:\/\/www.djigi-bau.com\/sr\/wp-json\/wp\/v2\/pages\/9032\/revisions\/11129"}],"wp:attachment":[{"href":"https:\/\/www.djigi-bau.com\/sr\/wp-json\/wp\/v2\/media?parent=9032"}],"curies":[{"name":"wp","href":"https:\/\/api.w.org\/{rel}","templated":true}]}}